{"id":1367,"date":"2018-12-10T10:49:31","date_gmt":"2018-12-10T10:49:31","guid":{"rendered":"http:\/\/democontent.codex-themes.com\/sites\/photography-studio\/?page_id=2"},"modified":"2024-04-07T09:35:52","modified_gmt":"2024-04-07T09:35:52","slug":"homepage","status":"publish","type":"page","link":"https:\/\/sinetemporensemble.com\/","title":{"rendered":"Home"},"content":{"rendered":"<div class=\"wpb-content-wrapper\"><p>[vc_row css=\u00bb.vc_custom_1711384137907{margin-top: 0px !important;margin-bottom: 0px !important;padding-top: 80px !important;padding-bottom: 50px !important;}\u00bb el_id=\u00bblink\u00bb][vc_column][vc_column_text css_animation=\u00bbbottom-to-top\u00bb]<\/p>\n<div class=\"styled-subtitle\" style=\"text-align: center;\"><span style=\"color: #a47b43;\">Fundador y Director de la Orquesta de C\u00e1mara \u00abSine Tempore Ensemble\u00bb\u00a0<\/span><\/div>\n<p>[\/vc_column_text][vc_separator color=\u00bbcustom\u00bb border_width=\u00bb2&#8243; el_width=\u00bb30&#8243; accent_color=\u00bb#b1ac8b\u00bb]<div class=\"clearboth\"><\/div><style>#thegem-divider-69fb2d2e7ccac {margin-top: 25px !important;}<\/style><div id=\"thegem-divider-69fb2d2e7ccac\" class=\"gem-divider  \" style=\"\" ><\/div>[vc_column_text css_animation=\u00bbbottom-to-top\u00bb]<\/p>\n<div class=\"title-h1\" style=\"text-align: center;\"><span class=\"light\" style=\"color: #000000;\">Darl\u00edn Dyle<\/span><\/div>\n<p>[\/vc_column_text]<div class=\"clearboth\"><\/div><style>#thegem-divider-69fb2d2e7cd0f {margin-top: 70px !important;}<\/style><div id=\"thegem-divider-69fb2d2e7cd0f\" class=\"gem-divider  \" style=\"\" ><\/div>[vc_column_text css_animation=\u00bbbottom-to-top\u00bb]<\/p>\n<p style=\"text-align: center;\"><span style=\"color: #000000;\">Concertino de la Orquesta Sinf\u00f3nica de la Regi\u00f3n de Murcia, Co-Director Art\u00edstico de MurciArt Music Festival y Director Arti\u0301stico del Ciclo Internacional de M\u00fasica de C\u00e1mara \u201cINTERMEZZO\u201d, Los Alc\u00e1zares, Murcia.<\/span><\/p>\n<p>[\/vc_column_text]<style type=\"text\/css\">.thegem-button-69fb2d2e7cece6287 .gem-button svg {fill: #B1AC8B;}.thegem-button-69fb2d2e7cece6287 .gem-button:hover svg {fill: #000000;}<\/style><div class=\"gem-button-container gem-button-position-center thegem-button-69fb2d2e7cece6287    \"  ><a title=\"Darling Dyle\" class=\"gem-button gem-button-size-small gem-button-style-outline gem-button-text-weight-normal gem-button-border-2 gem-button-no-uppercase\" data-ll-effect=\"drop-right-without-wrap\" style=\"border-radius: 0px;border-color: B1AC8B;color: #B1AC8B;\" onmouseleave=\"this.style.borderColor='B1AC8B';this.style.backgroundColor='transparent';this.style.color='#B1AC8B';\" onmouseenter=\"this.style.borderColor='#000000';this.style.backgroundColor='#ffffff';this.style.color='#000000';\" href=\"https:\/\/sinetemporensemble.com\/index.php\/darlin-dyle\/\" target=\"_self\">LEER M\u00c1S<\/a><\/div> <div class=\"clearboth\"><\/div><style>#thegem-divider-69fb2d2e7cf74 {margin-top: 30px !important;}<\/style><div id=\"thegem-divider-69fb2d2e7cf74\" class=\"gem-divider  \" style=\"\" ><\/div><style>.gem-gallery-grid#style-69fb2d2e7d613 .gallery-item { padding: calc(42px\/2) !important; }.gem-gallery-grid#style-69fb2d2e7d613 .gallery-set { margin-top: calc(-42px\/2); margin-bottom: calc(-42px\/2); }.gem-gallery-grid#style-69fb2d2e7d613 .not-fullwidth-block .gallery-set, .gem-gallery-grid#style-69fb2d2e7d613 .not-fullwidth-block .portfolio-item-size-container { margin-left: calc(-42px\/2); margin-right: calc(-42px\/2); }.gem-gallery-grid#style-69fb2d2e7d613 .fullwidth-block { padding-left: calc(42px\/2); padding-right: calc(42px\/2); }.gem-gallery-grid#style-69fb2d2e7d613 .portfolio-filters { text-align: center }<\/style> <div class=\"gallery-preloader-wrapper\"> <div class=\"row\"> <div id=\"style-69fb2d2e7d613\" class=\"gem-gallery-grid col-lg-12 col-md-12 col-sm-12 gallery-style-justified hover-default loading-animation item-animation-move-up columns-4 columns-tablet-2 columns-mobile-1 gaps-margin disable-isotope \" data-hover=\"default\" data-uid=\"69fb2d2e7d613\" data-filter=\"[]\"> <div class=\"portfolio not-fullwidth-block \"> <ul class=\"gallery-set clearfix\" data-max-row-height=\"280\"> <li class=\"gallery-item gallery-0 col-xs-12 col-sm-6 col-md-3 item-animations-not-inited single-icon post-1367 page type-page status-publish\" style=\"\"> <div class=\"wrap gem-wrapbox-style-default\"> <div class=\"overlay-wrap\"> <div class=\"image-wrap \"> <picture> <source srcset=\"https:\/\/sinetemporensemble.com\/wp-content\/uploads\/2024\/04\/darlin_02-thegem-product-justified-square-s.jpg 1x\" sizes=\"100vw\"> <img src=\"https:\/\/sinetemporensemble.com\/wp-content\/uploads\/2024\/04\/darlin_02-thegem-product-justified-square-s.jpg\" width=\"300\" height=\"300\" class=\"attachment-thegem-product-justified-square-s\" alt=\"darlin_02\" \/> <\/picture> <\/div> <div class=\"overlay \"> <div class=\"overlay-circle\"><\/div> <a href=\"https:\/\/sinetemporensemble.com\/wp-content\/uploads\/2024\/04\/darlin_02.jpg\" class=\"gallery-item-link fancy-gallery\" data-fancybox=\"gallery-69fb2d2e7d613\" aria-label=\"Fullsize Image: darlin_02\"> <span class=\"slide-info\"> <\/span> <\/a> <div class=\"overlay-content\"> <div class=\"overlay-content-center\"> <div class=\"overlay-content-inner\"> <a href=\"https:\/\/sinetemporensemble.com\/wp-content\/uploads\/2024\/04\/darlin_02.jpg\" class=\"icon photo \" aria-label=\"Fullsize Image: darlin_02\"> <\/a> <div class=\"overlay-line\"><\/div> <\/div> <\/div> <\/div> <\/div> <\/div> <\/div> <\/li> <li class=\"gallery-item gallery-0 col-xs-12 col-sm-6 col-md-3 item-animations-not-inited single-icon post-1367 page type-page status-publish\" style=\"\"> <div class=\"wrap gem-wrapbox-style-default\"> <div class=\"overlay-wrap\"> <div class=\"image-wrap \"> <picture> <source srcset=\"https:\/\/sinetemporensemble.com\/wp-content\/uploads\/2024\/04\/darlin_01-thegem-product-justified-square-s.jpg 1x\" sizes=\"100vw\"> <img src=\"https:\/\/sinetemporensemble.com\/wp-content\/uploads\/2024\/04\/darlin_01-thegem-product-justified-square-s.jpg\" width=\"300\" height=\"300\" class=\"attachment-thegem-product-justified-square-s\" alt=\"darlin_01\" \/> <\/picture> <\/div> <div class=\"overlay \"> <div class=\"overlay-circle\"><\/div> <a href=\"https:\/\/sinetemporensemble.com\/wp-content\/uploads\/2024\/04\/darlin_01.jpg\" class=\"gallery-item-link fancy-gallery\" data-fancybox=\"gallery-69fb2d2e7d613\" aria-label=\"Fullsize Image: darlin_01\"> <span class=\"slide-info\"> <\/span> <\/a> <div class=\"overlay-content\"> <div class=\"overlay-content-center\"> <div class=\"overlay-content-inner\"> <a href=\"https:\/\/sinetemporensemble.com\/wp-content\/uploads\/2024\/04\/darlin_01.jpg\" class=\"icon photo \" aria-label=\"Fullsize Image: darlin_01\"> <\/a> <div class=\"overlay-line\"><\/div> <\/div> <\/div> <\/div> <\/div> <\/div> <\/div> <\/li> <li class=\"gallery-item gallery-0 col-xs-12 col-sm-6 col-md-3 item-animations-not-inited single-icon post-1367 page type-page status-publish\" style=\"\"> <div class=\"wrap gem-wrapbox-style-default\"> <div class=\"overlay-wrap\"> <div class=\"image-wrap \"> <picture> <source srcset=\"https:\/\/sinetemporensemble.com\/wp-content\/uploads\/2024\/04\/darlin_03-thegem-product-justified-square-s.jpg 1x\" sizes=\"100vw\"> <img src=\"https:\/\/sinetemporensemble.com\/wp-content\/uploads\/2024\/04\/darlin_03-thegem-product-justified-square-s.jpg\" width=\"300\" height=\"300\" class=\"attachment-thegem-product-justified-square-s\" alt=\"darlin_03\" \/> <\/picture> <\/div> <div class=\"overlay \"> <div class=\"overlay-circle\"><\/div> <a href=\"https:\/\/sinetemporensemble.com\/wp-content\/uploads\/2024\/04\/darlin_03.jpg\" class=\"gallery-item-link fancy-gallery\" data-fancybox=\"gallery-69fb2d2e7d613\" aria-label=\"Fullsize Image: darlin_03\"> <span class=\"slide-info\"> <\/span> <\/a> <div class=\"overlay-content\"> <div class=\"overlay-content-center\"> <div class=\"overlay-content-inner\"> <a href=\"https:\/\/sinetemporensemble.com\/wp-content\/uploads\/2024\/04\/darlin_03.jpg\" class=\"icon photo \" aria-label=\"Fullsize Image: darlin_03\"> <\/a> <div class=\"overlay-line\"><\/div> <\/div> <\/div> <\/div> <\/div> <\/div> <\/div> <\/li> <li class=\"gallery-item gallery-0 col-xs-12 col-sm-6 col-md-3 item-animations-not-inited single-icon post-1367 page type-page status-publish\" style=\"\"> <div class=\"wrap gem-wrapbox-style-default\"> <div class=\"overlay-wrap\"> <div class=\"image-wrap \"> <picture> <source srcset=\"https:\/\/sinetemporensemble.com\/wp-content\/uploads\/2024\/03\/gallery_6-thegem-product-justified-square-s.png 1x\" sizes=\"100vw\"> <img src=\"https:\/\/sinetemporensemble.com\/wp-content\/uploads\/2024\/03\/gallery_6-thegem-product-justified-square-s.png\" width=\"300\" height=\"300\" class=\"attachment-thegem-product-justified-square-s\" alt=\"gallery_6\" \/> <\/picture> <\/div> <div class=\"overlay \"> <div class=\"overlay-circle\"><\/div> <a href=\"https:\/\/sinetemporensemble.com\/wp-content\/uploads\/2024\/03\/gallery_6.png\" class=\"gallery-item-link fancy-gallery\" data-fancybox=\"gallery-69fb2d2e7d613\" aria-label=\"Fullsize Image: gallery_6\"> <span class=\"slide-info\"> <\/span> <\/a> <div class=\"overlay-content\"> <div class=\"overlay-content-center\"> <div class=\"overlay-content-inner\"> <a href=\"https:\/\/sinetemporensemble.com\/wp-content\/uploads\/2024\/03\/gallery_6.png\" class=\"icon photo \" aria-label=\"Fullsize Image: gallery_6\"> <\/a> <div class=\"overlay-line\"><\/div> <\/div> <\/div> <\/div> <\/div> <\/div> <\/div> <\/li> <\/ul> <\/div> <\/div> <\/div> <\/div>[\/vc_column][\/vc_row][vc_row css=\u00bb.vc_custom_1711384174323{margin-top: 0px !important;margin-bottom: 0px !important;padding-top: 80px !important;padding-bottom: 50px !important;}\u00bb][vc_column][vc_column_text css_animation=\u00bbbottom-to-top\u00bb]<\/p>\n<div class=\"styled-subtitle\" style=\"text-align: center;\"><span style=\"color: #a47b43;\">Chamber Orchestra<\/span><\/div>\n<p>[\/vc_column_text][vc_separator color=\u00bbcustom\u00bb border_width=\u00bb2&#8243; el_width=\u00bb30&#8243; accent_color=\u00bb#b1ac8b\u00bb][vc_column_text css_animation=\u00bbbottom-to-top\u00bb]<\/p>\n<div class=\"title-h1\" style=\"text-align: center;\"><span class=\"light\" style=\"color: #000000;\">SINE TEMPORE ENSEMBLE<\/span><\/div>\n<p>[\/vc_column_text]<div class=\"clearboth\"><\/div><style>#thegem-divider-69fb2d2e801c6 {margin-top: 70px !important;}<\/style><div id=\"thegem-divider-69fb2d2e801c6\" class=\"gem-divider  \" style=\"\" ><\/div>[vc_column_text css_animation=\u00bbbottom-to-top\u00bb]<\/p>\n<p style=\"text-align: center;\"><span style=\"color: #000000;\"><strong>Calidad, sensibilidad y pasi\u00f3n<\/strong> son cualidades que Sine Tempore Ensemble transmite al p\u00fablico en todas sus actuaciones. <\/span><span style=\"color: #000000;\">Sine Tempore Ensemble es una formaci\u00f3n din\u00e1mica que abarca todas las facetas del repertorio para orquesta de cuerda junto a seleccionados directores y solistas.<\/span><\/p>\n<p>[\/vc_column_text]<style type=\"text\/css\">.thegem-button-69fb2d2e803647053 .gem-button svg {fill: #b1ac8b;}.thegem-button-69fb2d2e803647053 .gem-button:hover svg {fill: #000000;}<\/style><div class=\"gem-button-container gem-button-position-center thegem-button-69fb2d2e803647053    \"  ><a title=\"Biograf\u00eda\" class=\"gem-button gem-button-size-small gem-button-style-outline gem-button-text-weight-normal gem-button-border-2 gem-button-no-uppercase\" data-ll-effect=\"drop-right-without-wrap\" style=\"border-radius: 0px;border-color: #b1ac8b;color: #b1ac8b;\" onmouseleave=\"this.style.borderColor='#b1ac8b';this.style.backgroundColor='transparent';this.style.color='#b1ac8b';\" onmouseenter=\"this.style.borderColor='#000000';this.style.backgroundColor='#ffffff';this.style.color='#000000';\" href=\"https:\/\/sinetemporensemble.com\/index.php\/biografia\/\" target=\"_self\">LEER M\u00c1S<\/a><\/div> <div class=\"clearboth\"><\/div><style>#thegem-divider-69fb2d2e80407 {margin-top: 30px !important;}<\/style><div id=\"thegem-divider-69fb2d2e80407\" class=\"gem-divider  \" style=\"\" ><\/div><style>.gem-gallery-grid#style-69fb2d2e80a38 .gallery-item { padding: calc(42px\/2) !important; }.gem-gallery-grid#style-69fb2d2e80a38 .gallery-set { margin-top: calc(-42px\/2); margin-bottom: calc(-42px\/2); }.gem-gallery-grid#style-69fb2d2e80a38 .not-fullwidth-block .gallery-set, .gem-gallery-grid#style-69fb2d2e80a38 .not-fullwidth-block .portfolio-item-size-container { margin-left: calc(-42px\/2); margin-right: calc(-42px\/2); }.gem-gallery-grid#style-69fb2d2e80a38 .fullwidth-block { padding-left: calc(42px\/2); padding-right: calc(42px\/2); }.gem-gallery-grid#style-69fb2d2e80a38 .portfolio-filters { text-align: center }<\/style> <div class=\"gallery-preloader-wrapper\"> <div class=\"row\"> <div id=\"style-69fb2d2e80a38\" class=\"gem-gallery-grid col-lg-12 col-md-12 col-sm-12 gallery-style-justified hover-default loading-animation item-animation-move-up columns-4 columns-tablet-2 columns-mobile-1 gaps-margin disable-isotope \" data-hover=\"default\" data-uid=\"69fb2d2e80a38\" data-filter=\"[]\"> <div class=\"portfolio not-fullwidth-block \"> <ul class=\"gallery-set clearfix\" data-max-row-height=\"280\"> <li class=\"gallery-item gallery-0 col-xs-12 col-sm-6 col-md-3 item-animations-not-inited single-icon post-1367 page type-page status-publish\" style=\"\"> <div class=\"wrap gem-wrapbox-style-default\"> <div class=\"overlay-wrap\"> <div class=\"image-wrap \"> <picture> <source srcset=\"https:\/\/sinetemporensemble.com\/wp-content\/uploads\/2024\/03\/gallery_4-thegem-product-justified-square-s.png 1x\" sizes=\"100vw\"> <img src=\"https:\/\/sinetemporensemble.com\/wp-content\/uploads\/2024\/03\/gallery_4-thegem-product-justified-square-s.png\" width=\"300\" height=\"300\" class=\"attachment-thegem-product-justified-square-s\" alt=\"gallery_4\" \/> <\/picture> <\/div> <div class=\"overlay \"> <div class=\"overlay-circle\"><\/div> <a href=\"https:\/\/sinetemporensemble.com\/wp-content\/uploads\/2024\/03\/gallery_4.png\" class=\"gallery-item-link fancy-gallery\" data-fancybox=\"gallery-69fb2d2e80a38\" aria-label=\"Fullsize Image: gallery_4\"> <span class=\"slide-info\"> <\/span> <\/a> <div class=\"overlay-content\"> <div class=\"overlay-content-center\"> <div class=\"overlay-content-inner\"> <a href=\"https:\/\/sinetemporensemble.com\/wp-content\/uploads\/2024\/03\/gallery_4.png\" class=\"icon photo \" aria-label=\"Fullsize Image: gallery_4\"> <\/a> <div class=\"overlay-line\"><\/div> <\/div> <\/div> <\/div> <\/div> <\/div> <\/div> <\/li> <li class=\"gallery-item gallery-0 col-xs-12 col-sm-6 col-md-3 item-animations-not-inited single-icon post-1367 page type-page status-publish\" style=\"\"> <div class=\"wrap gem-wrapbox-style-default\"> <div class=\"overlay-wrap\"> <div class=\"image-wrap \"> <picture> <source srcset=\"https:\/\/sinetemporensemble.com\/wp-content\/uploads\/2024\/04\/STE_01-thegem-product-justified-square-s.jpg 1x\" sizes=\"100vw\"> <img src=\"https:\/\/sinetemporensemble.com\/wp-content\/uploads\/2024\/04\/STE_01-thegem-product-justified-square-s.jpg\" width=\"300\" height=\"300\" class=\"attachment-thegem-product-justified-square-s\" alt=\"STE_01\" \/> <\/picture> <\/div> <div class=\"overlay \"> <div class=\"overlay-circle\"><\/div> <a href=\"https:\/\/sinetemporensemble.com\/wp-content\/uploads\/2024\/04\/STE_01.jpg\" class=\"gallery-item-link fancy-gallery\" data-fancybox=\"gallery-69fb2d2e80a38\" aria-label=\"Fullsize Image: STE_01\"> <span class=\"slide-info\"> <\/span> <\/a> <div class=\"overlay-content\"> <div class=\"overlay-content-center\"> <div class=\"overlay-content-inner\"> <a href=\"https:\/\/sinetemporensemble.com\/wp-content\/uploads\/2024\/04\/STE_01.jpg\" class=\"icon photo \" aria-label=\"Fullsize Image: STE_01\"> <\/a> <div class=\"overlay-line\"><\/div> <\/div> <\/div> <\/div> <\/div> <\/div> <\/div> <\/li> <li class=\"gallery-item gallery-0 col-xs-12 col-sm-6 col-md-3 item-animations-not-inited single-icon post-1367 page type-page status-publish\" style=\"\"> <div class=\"wrap gem-wrapbox-style-default\"> <div class=\"overlay-wrap\"> <div class=\"image-wrap \"> <picture> <source srcset=\"https:\/\/sinetemporensemble.com\/wp-content\/uploads\/2024\/04\/STE_03-thegem-product-justified-square-s.jpg 1x\" sizes=\"100vw\"> <img src=\"https:\/\/sinetemporensemble.com\/wp-content\/uploads\/2024\/04\/STE_03-thegem-product-justified-square-s.jpg\" width=\"300\" height=\"300\" class=\"attachment-thegem-product-justified-square-s\" alt=\"STE_03\" \/> <\/picture> <\/div> <div class=\"overlay \"> <div class=\"overlay-circle\"><\/div> <a href=\"https:\/\/sinetemporensemble.com\/wp-content\/uploads\/2024\/04\/STE_03.jpg\" class=\"gallery-item-link fancy-gallery\" data-fancybox=\"gallery-69fb2d2e80a38\" aria-label=\"Fullsize Image: STE_03\"> <span class=\"slide-info\"> <\/span> <\/a> <div class=\"overlay-content\"> <div class=\"overlay-content-center\"> <div class=\"overlay-content-inner\"> <a href=\"https:\/\/sinetemporensemble.com\/wp-content\/uploads\/2024\/04\/STE_03.jpg\" class=\"icon photo \" aria-label=\"Fullsize Image: STE_03\"> <\/a> <div class=\"overlay-line\"><\/div> <\/div> <\/div> <\/div> <\/div> <\/div> <\/div> <\/li> <li class=\"gallery-item gallery-0 col-xs-12 col-sm-6 col-md-3 item-animations-not-inited single-icon post-1367 page type-page status-publish\" style=\"\"> <div class=\"wrap gem-wrapbox-style-default\"> <div class=\"overlay-wrap\"> <div class=\"image-wrap \"> <picture> <source srcset=\"https:\/\/sinetemporensemble.com\/wp-content\/uploads\/2024\/04\/STE_04-thegem-product-justified-square-s.jpg 1x\" sizes=\"100vw\"> <img src=\"https:\/\/sinetemporensemble.com\/wp-content\/uploads\/2024\/04\/STE_04-thegem-product-justified-square-s.jpg\" width=\"300\" height=\"300\" class=\"attachment-thegem-product-justified-square-s\" alt=\"STE_04\" \/> <\/picture> <\/div> <div class=\"overlay \"> <div class=\"overlay-circle\"><\/div> <a href=\"https:\/\/sinetemporensemble.com\/wp-content\/uploads\/2024\/04\/STE_04.jpg\" class=\"gallery-item-link fancy-gallery\" data-fancybox=\"gallery-69fb2d2e80a38\" aria-label=\"Fullsize Image: STE_04\"> <span class=\"slide-info\"> <\/span> <\/a> <div class=\"overlay-content\"> <div class=\"overlay-content-center\"> <div class=\"overlay-content-inner\"> <a href=\"https:\/\/sinetemporensemble.com\/wp-content\/uploads\/2024\/04\/STE_04.jpg\" class=\"icon photo \" aria-label=\"Fullsize Image: STE_04\"> <\/a> <div class=\"overlay-line\"><\/div> <\/div> <\/div> <\/div> <\/div> <\/div> <\/div> <\/li> <\/ul> <\/div> <\/div> <\/div> <\/div>[\/vc_column][\/vc_row][vc_row full_width=\u00bbstretch_row_content\u00bb disable_custom_paddings_mobile=\u00bbtrue\u00bb css=\u00bb.vc_custom_1544535747070{margin-top: 100px !important;margin-bottom: 0px !important;padding-top: 0px !important;padding-bottom: 0px !important;}\u00bb][vc_column]<div class=\"clearboth\"><\/div><style>#thegem-divider-69fb2d2e83589 {margin-top: 20px !important;}<\/style><div id=\"thegem-divider-69fb2d2e83589\" class=\"gem-divider  \" style=\"\" ><\/div>[\/vc_column][\/vc_row]<\/p>\n<\/div>","protected":false},"excerpt":{"rendered":"<p>[vc_row css=\u00bb.vc_custom_1711384137907{margin-top: 0px !important;margin-bottom: 0px !important;padding-top: 80px !important;padding-bottom: 50px !important;}\u00bb el_id=\u00bblink\u00bb][vc_column][vc_column_text css_animation=\u00bbbottom-to-top\u00bb] Fundador y Director de la Orquesta de C\u00e1mara&#8230;<\/p>\n","protected":false},"author":1,"featured_media":0,"parent":0,"menu_order":0,"comment_status":"closed","ping_status":"open","template":"","meta":{"footnotes":""},"class_list":["post-1367","page","type-page","status-publish"],"_links":{"self":[{"href":"https:\/\/sinetemporensemble.com\/index.php\/wp-json\/wp\/v2\/pages\/1367","targetHints":{"allow":["GET"]}}],"collection":[{"href":"https:\/\/sinetemporensemble.com\/index.php\/wp-json\/wp\/v2\/pages"}],"about":[{"href":"https:\/\/sinetemporensemble.com\/index.php\/wp-json\/wp\/v2\/types\/page"}],"author":[{"embeddable":true,"href":"https:\/\/sinetemporensemble.com\/index.php\/wp-json\/wp\/v2\/users\/1"}],"replies":[{"embeddable":true,"href":"https:\/\/sinetemporensemble.com\/index.php\/wp-json\/wp\/v2\/comments?post=1367"}],"version-history":[{"count":39,"href":"https:\/\/sinetemporensemble.com\/index.php\/wp-json\/wp\/v2\/pages\/1367\/revisions"}],"predecessor-version":[{"id":1836,"href":"https:\/\/sinetemporensemble.com\/index.php\/wp-json\/wp\/v2\/pages\/1367\/revisions\/1836"}],"wp:attachment":[{"href":"https:\/\/sinetemporensemble.com\/index.php\/wp-json\/wp\/v2\/media?parent=1367"}],"curies":[{"name":"wp","href":"https:\/\/api.w.org\/{rel}","templated":true}]}}