{"id":1679,"date":"2024-03-24T18:30:04","date_gmt":"2024-03-24T18:30:04","guid":{"rendered":"https:\/\/sinetemporensemble.com\/?page_id=1679"},"modified":"2024-04-22T14:07:02","modified_gmt":"2024-04-22T14:07:02","slug":"rumen-cvetkov","status":"publish","type":"page","link":"https:\/\/sinetemporensemble.com\/index.php\/biografia\/rumen-cvetkov\/","title":{"rendered":"Rumen Cvetkov"},"content":{"rendered":"<div class=\"wpb-content-wrapper\"><p>[vc_row equal_height=\u00bbyes\u00bb css=\u00bb.vc_custom_1711306511196{margin-bottom: 0px !important;}\u00bb][vc_column width=\u00bb1\/2&#8243; css=\u00bb.vc_custom_1711123333492{padding-top: 0px !important;background-color: #ffffff !important;}\u00bb]<div class=\"gem-textbox  centered-box\"  ><div class=\"gem-textbox-inner\" style=\"\"><div class=\"gem-textbox-content\" style=\"background-color: #ffffff;background-position: center top;\"><div class=\"clearboth\"><\/div><style>#thegem-divider-69f605b9939b4 {margin-top: 32px !important;}<\/style><div id=\"thegem-divider-69f605b9939b4\" class=\"gem-divider  \" style=\"\" ><\/div>[vc_column_text css_animation=\u00bbbottom-to-top\u00bb]<\/p>\n<div class=\"styled-subtitle\" style=\"text-align: center;\"><span style=\"color: #a47b43;\">Viola<\/span><\/div>\n<p>[\/vc_column_text][vc_separator color=\u00bbcustom\u00bb border_width=\u00bb2&#8243; el_width=\u00bb30&#8243; accent_color=\u00bb#a47b43&#8243;]<div class=\"clearboth\"><\/div><style>#thegem-divider-69f605b993a2b {margin-top: 32px !important;}<\/style><div id=\"thegem-divider-69f605b993a2b\" class=\"gem-divider  \" style=\"\" ><\/div>[vc_column_text css_animation=\u00bbbottom-to-top\u00bb]<\/p>\n<p style=\"text-align: center;\"><span style=\"font-weight: 400;\">En 2012, Maestro Zubin Mehta le ha invitado de ser el nuevo solista de viola del Palau De Les Arts Reina Sofia, Valencia. Su experiencia como viola solista incluye conciertos con orquestas como Tonhalle Zurich, Sinfonica de Brandemburgo, Mannheimer Philharmoniker, Dallas Chamber Orchestra y Bach Collegium, bajo la batuta de directores como Bernard Haitink, Herbert Bloomstedt, Riccardo Chailly, Zubin Mehta, Kent Nagano, Paavo Jarvi, Semyon Bychkov, Wladimir Jurovski, Sir John Eliot Gardiner, Robert Trevino, Juanjo Mena, Enrique Batiz, Placido Domingo, Rossen Milanov entre otros.<\/span><\/p>\n<p style=\"text-align: center;\"><span style=\"font-weight: 400;\">Desde a\u00f1o 2017 Rumen es Visiting Profesor of Viola en Conservatorio Fontys en Tilburg, Pa\u00edses Bajos y tambi\u00e9n Professor de Viola y Musica de Camara en \u201cNew Bulgarian University\u201d in Sofia, Bulgaria y \u201cMusical Arts\u201d en Madrid, Espa\u00f1a. En 2019 debuto su primer CD con sonatas de Brahms junto con el pianista Ludmil Angelov por el <\/span><i><span style=\"font-weight: 400;\">GEGA NEW<\/span><\/i><span style=\"font-weight: 400;\"> label. En 2023 ha nacido el segundo CD del duo Cvetkov-Angelov llamado \u201cMelodies\u201d realizado por el Aria Classics. <\/span><\/p>\n<p>[\/vc_column_text]<\/div><\/div><\/div><div class=\"clearboth\"><\/div><style>#thegem-divider-69f605b993a95 {margin-top: 32px !important;}<\/style><div id=\"thegem-divider-69f605b993a95\" class=\"gem-divider  \" style=\"\" ><\/div>[\/vc_column][vc_column width=\u00bb1\/2&#8243; thegem_content_alignment=\u00bbcenter\u00bb css=\u00bb.vc_custom_1713193836413{padding-top: 0px !important;background-position: center !important;background-repeat: no-repeat !important;background-size: cover !important;}\u00bb]<div class=\"clearboth\"><\/div><style>#thegem-divider-69f605b993af0 {margin-top: 80px !important;}<\/style><div id=\"thegem-divider-69f605b993af0\" class=\"gem-divider  \" style=\"\" ><\/div>[vc_single_image image=\u00bb1732&#8243; img_size=\u00bbfull\u00bb][\/vc_column][\/vc_row]<\/p>\n<\/div>","protected":false},"excerpt":{"rendered":"<p>[vc_row equal_height=\u00bbyes\u00bb css=\u00bb.vc_custom_1711306511196{margin-bottom: 0px !important;}\u00bb][vc_column width=\u00bb1\/2&#8243; css=\u00bb.vc_custom_1711123333492{padding-top: 0px !important;background-color: #ffffff !important;}\u00bb][\/vc_column][vc_column width=\u00bb1\/2&#8243; thegem_content_alignment=\u00bbcenter\u00bb css=\u00bb.vc_custom_1713193836413{padding-top: 0px !important;background-position: center !important;background-repeat: no-repeat !important;background-size:&#8230;<\/p>\n","protected":false},"author":1,"featured_media":0,"parent":1449,"menu_order":0,"comment_status":"closed","ping_status":"open","template":"","meta":{"footnotes":""},"class_list":["post-1679","page","type-page","status-publish"],"_links":{"self":[{"href":"https:\/\/sinetemporensemble.com\/index.php\/wp-json\/wp\/v2\/pages\/1679","targetHints":{"allow":["GET"]}}],"collection":[{"href":"https:\/\/sinetemporensemble.com\/index.php\/wp-json\/wp\/v2\/pages"}],"about":[{"href":"https:\/\/sinetemporensemble.com\/index.php\/wp-json\/wp\/v2\/types\/page"}],"author":[{"embeddable":true,"href":"https:\/\/sinetemporensemble.com\/index.php\/wp-json\/wp\/v2\/users\/1"}],"replies":[{"embeddable":true,"href":"https:\/\/sinetemporensemble.com\/index.php\/wp-json\/wp\/v2\/comments?post=1679"}],"version-history":[{"count":8,"href":"https:\/\/sinetemporensemble.com\/index.php\/wp-json\/wp\/v2\/pages\/1679\/revisions"}],"predecessor-version":[{"id":1888,"href":"https:\/\/sinetemporensemble.com\/index.php\/wp-json\/wp\/v2\/pages\/1679\/revisions\/1888"}],"up":[{"embeddable":true,"href":"https:\/\/sinetemporensemble.com\/index.php\/wp-json\/wp\/v2\/pages\/1449"}],"wp:attachment":[{"href":"https:\/\/sinetemporensemble.com\/index.php\/wp-json\/wp\/v2\/media?parent=1679"}],"curies":[{"name":"wp","href":"https:\/\/api.w.org\/{rel}","templated":true}]}}