{"id":1688,"date":"2024-03-24T18:41:40","date_gmt":"2024-03-24T18:41:40","guid":{"rendered":"https:\/\/sinetemporensemble.com\/?page_id=1688"},"modified":"2024-04-22T14:07:18","modified_gmt":"2024-04-22T14:07:18","slug":"lesster-f-mejias","status":"publish","type":"page","link":"https:\/\/sinetemporensemble.com\/index.php\/biografia\/lesster-f-mejias\/","title":{"rendered":"Lesster F. Mejias"},"content":{"rendered":"<div class=\"wpb-content-wrapper\"><p>[vc_row equal_height=\u00bbyes\u00bb css=\u00bb.vc_custom_1711306485807{margin-bottom: 0px !important;}\u00bb][vc_column width=\u00bb1\/2&#8243; css=\u00bb.vc_custom_1711123333492{padding-top: 0px !important;background-color: #ffffff !important;}\u00bb]<div class=\"gem-textbox  centered-box\"  ><div class=\"gem-textbox-inner\" style=\"\"><div class=\"gem-textbox-content\" style=\"background-color: #ffffff;background-position: center top;\"><div class=\"clearboth\"><\/div><style>#thegem-divider-69f605e65dd95 {margin-top: 32px !important;}<\/style><div id=\"thegem-divider-69f605e65dd95\" class=\"gem-divider  \" style=\"\" ><\/div>[vc_column_text css_animation=\u00bbbottom-to-top\u00bb]<\/p>\n<div class=\"styled-subtitle\" style=\"text-align: center;\"><span style=\"color: #a47b43;\">Viola<\/span><\/div>\n<p>[\/vc_column_text][vc_separator color=\u00bbcustom\u00bb border_width=\u00bb2&#8243; el_width=\u00bb30&#8243; accent_color=\u00bb#a47b43&#8243;]<div class=\"clearboth\"><\/div><style>#thegem-divider-69f605e65ddec {margin-top: 32px !important;}<\/style><div id=\"thegem-divider-69f605e65ddec\" class=\"gem-divider  \" style=\"\" ><\/div>[vc_column_text css_animation=\u00bbbottom-to-top\u00bb]<\/p>\n<p style=\"text-align: center;\"><span style=\"font-weight: 400;\">Termina sus estudios con Matr\u00edcula de Honor en el Real Conservatorio Superior de M\u00fasica de Madrid con el\u00a0 catedr\u00e1tico\u00a0 Luis Ll\u00e1cer. Recibe clases magistrales de grandes m\u00fasicos como Zubin Mehta, Valadimir Ashkenazy, Menahem Pressler, Bruno Canino y Zakar Bron entre otros en el Instituto Internacional de M\u00fasica de C\u00e1mara de Madrid (Escuela Superior de M\u00fasica Reina Sof\u00eda).\u00a0<\/span><\/p>\n<p style=\"text-align: center;\"><span style=\"font-weight: 400;\">Miembro fundador de la Orquesta de C\u00e1mara Solistas Mediterr\u00e1neos, Huberman Ensemble, Ensemble PanteRei y Ensemble Oscar Espl\u00e1. Es\u00a0 asesor acad\u00e9mico de MurciArt Festival, profesor en la Orquesta de J\u00f3venes de la Regi\u00f3n de Murcia, ADDA Jove Simf\u00f2nica y Joven Orquesta de Comunidad Valenciana.<\/span><\/p>\n<p style=\"text-align: center;\"><span style=\"font-weight: 400;\">Ha colaborado con diferentes orquestas tales como Orquesta Utop\u00eda, Orquesta y Coro Nacional de Espa\u00f1a, como Viola solista en la\u00a0 Orquesta y Coro de Radio Televisi\u00f3n Espa\u00f1ola, Orquesta\u00a0 Sinf\u00f3nica de la Regi\u00f3n de Murcia, entre otras.\u00a0<\/span><\/p>\n<p style=\"text-align: center;\"><span style=\"font-weight: 400;\">En la actualidad es miembro de la orquesta ADDA Sinf\u00f3nica, compaginando esta labor con un desarrollo activo en la m\u00fasica de c\u00e1mara.<\/span><\/p>\n<p>[\/vc_column_text]<\/div><\/div><\/div><div class=\"clearboth\"><\/div><style>#thegem-divider-69f605e65de66 {margin-top: 32px !important;}<\/style><div id=\"thegem-divider-69f605e65de66\" class=\"gem-divider  \" style=\"\" ><\/div>[\/vc_column][vc_column width=\u00bb1\/2&#8243; thegem_content_alignment=\u00bbcenter\u00bb css=\u00bb.vc_custom_1713193790450{padding-top: 0px !important;background-position: center !important;background-repeat: no-repeat !important;background-size: cover !important;}\u00bb]<div class=\"clearboth\"><\/div><style>#thegem-divider-69f605e65deab {margin-top: 80px !important;}<\/style><div id=\"thegem-divider-69f605e65deab\" class=\"gem-divider  \" style=\"\" ><\/div>[vc_single_image image=\u00bb1728&#8243; img_size=\u00bbfull\u00bb][\/vc_column][\/vc_row]<\/p>\n<\/div>","protected":false},"excerpt":{"rendered":"<p>[vc_row equal_height=\u00bbyes\u00bb css=\u00bb.vc_custom_1711306485807{margin-bottom: 0px !important;}\u00bb][vc_column width=\u00bb1\/2&#8243; css=\u00bb.vc_custom_1711123333492{padding-top: 0px !important;background-color: #ffffff !important;}\u00bb][\/vc_column][vc_column width=\u00bb1\/2&#8243; thegem_content_alignment=\u00bbcenter\u00bb css=\u00bb.vc_custom_1713193790450{padding-top: 0px !important;background-position: center !important;background-repeat: no-repeat !important;background-size:&#8230;<\/p>\n","protected":false},"author":1,"featured_media":0,"parent":1449,"menu_order":0,"comment_status":"closed","ping_status":"open","template":"","meta":{"footnotes":""},"class_list":["post-1688","page","type-page","status-publish"],"_links":{"self":[{"href":"https:\/\/sinetemporensemble.com\/index.php\/wp-json\/wp\/v2\/pages\/1688","targetHints":{"allow":["GET"]}}],"collection":[{"href":"https:\/\/sinetemporensemble.com\/index.php\/wp-json\/wp\/v2\/pages"}],"about":[{"href":"https:\/\/sinetemporensemble.com\/index.php\/wp-json\/wp\/v2\/types\/page"}],"author":[{"embeddable":true,"href":"https:\/\/sinetemporensemble.com\/index.php\/wp-json\/wp\/v2\/users\/1"}],"replies":[{"embeddable":true,"href":"https:\/\/sinetemporensemble.com\/index.php\/wp-json\/wp\/v2\/comments?post=1688"}],"version-history":[{"count":8,"href":"https:\/\/sinetemporensemble.com\/index.php\/wp-json\/wp\/v2\/pages\/1688\/revisions"}],"predecessor-version":[{"id":1889,"href":"https:\/\/sinetemporensemble.com\/index.php\/wp-json\/wp\/v2\/pages\/1688\/revisions\/1889"}],"up":[{"embeddable":true,"href":"https:\/\/sinetemporensemble.com\/index.php\/wp-json\/wp\/v2\/pages\/1449"}],"wp:attachment":[{"href":"https:\/\/sinetemporensemble.com\/index.php\/wp-json\/wp\/v2\/media?parent=1688"}],"curies":[{"name":"wp","href":"https:\/\/api.w.org\/{rel}","templated":true}]}}