{"id":1694,"date":"2024-03-24T18:47:46","date_gmt":"2024-03-24T18:47:46","guid":{"rendered":"https:\/\/sinetemporensemble.com\/?page_id=1694"},"modified":"2024-04-22T14:06:07","modified_gmt":"2024-04-22T14:06:07","slug":"desislava-cvetkova","status":"publish","type":"page","link":"https:\/\/sinetemporensemble.com\/index.php\/biografia\/desislava-cvetkova\/","title":{"rendered":"Desislava Cvetkova"},"content":{"rendered":"<div class=\"wpb-content-wrapper\"><p>[vc_row equal_height=\u00bbyes\u00bb css=\u00bb.vc_custom_1711306467668{margin-bottom: 0px !important;}\u00bb][vc_column width=\u00bb1\/2&#8243; css=\u00bb.vc_custom_1711123333492{padding-top: 0px !important;background-color: #ffffff !important;}\u00bb]<div class=\"gem-textbox  centered-box\"  ><div class=\"gem-textbox-inner\" style=\"\"><div class=\"gem-textbox-content\" style=\"background-color: #ffffff;background-position: center top;\"><div class=\"clearboth\"><\/div><style>#thegem-divider-69f60647e6cef {margin-top: 32px !important;}<\/style><div id=\"thegem-divider-69f60647e6cef\" class=\"gem-divider  \" style=\"\" ><\/div>[vc_column_text css_animation=\u00bbbottom-to-top\u00bb]<\/p>\n<div class=\"styled-subtitle\" style=\"text-align: center;\"><span style=\"color: #a47b43;\">Viol\u00edn<\/span><\/div>\n<p>[\/vc_column_text][vc_separator color=\u00bbcustom\u00bb border_width=\u00bb2&#8243; el_width=\u00bb30&#8243; accent_color=\u00bb#a47b43&#8243;]<div class=\"clearboth\"><\/div><style>#thegem-divider-69f60647e6d65 {margin-top: 32px !important;}<\/style><div id=\"thegem-divider-69f60647e6d65\" class=\"gem-divider  \" style=\"\" ><\/div>[vc_column_text css_animation=\u00bbbottom-to-top\u00bb]<\/p>\n<p style=\"text-align: center;\"><span style=\"font-weight: 400;\">Es graduada con Honores Cum Laude en la clase de Curt Thompson y Michael Shih, concertino principal de la Sinf\u00f3nica de Fort Worth. Obtuvo el diploma de M\u00e1ster en M\u00fasica en el DePaul University en Chicago, donde recibi\u00f3 una beca de estudios en la clase de Ilya Kaler, uno de los profesores y violinistas m\u00e1s c\u00e9lebres hoy en d\u00eda.\u00a0<\/span><\/p>\n<p style=\"text-align: center;\"><span style=\"font-weight: 400;\">Ha participado como concertino en la Orquesta Sinf\u00f3nica de San \u00c1ngelo y la Orquesta Sinf\u00f3nica de la Regi\u00f3n de Murcia por invitaci\u00f3n especial, y como solista de los segundos violines de la Sinf\u00f3nica de Monterrey (M\u00e9xico), entre otros. Ha formado parte de las orquestas Palau de les Arts Reina Sofia-Valencia, Chicago Civic Orchestra, Plano Symphony, Irving Symphony y Filarm\u00f3nica de Plovdiv.\u00a0<\/span><\/p>\n<p style=\"text-align: center;\"><span style=\"font-weight: 400;\">Actualmente es profesora de la Orquesta Sinf\u00f3nica de la Regi\u00f3n de Murcia.<\/span><\/p>\n<p>[\/vc_column_text]<\/div><\/div><\/div><div class=\"clearboth\"><\/div><style>#thegem-divider-69f60647e6ddc {margin-top: 32px !important;}<\/style><div id=\"thegem-divider-69f60647e6ddc\" class=\"gem-divider  \" style=\"\" ><\/div>[\/vc_column][vc_column width=\u00bb1\/2&#8243; thegem_content_alignment=\u00bbcenter\u00bb css=\u00bb.vc_custom_1713193732122{padding-top: 0px !important;background-position: center !important;background-repeat: no-repeat !important;background-size: cover !important;}\u00bb]<div class=\"clearboth\"><\/div><style>#thegem-divider-69f60647e6e19 {margin-top: 80px !important;}<\/style><div id=\"thegem-divider-69f60647e6e19\" class=\"gem-divider  \" style=\"\" ><\/div>[vc_single_image image=\u00bb1724&#8243; img_size=\u00bbfull\u00bb][\/vc_column][\/vc_row]<\/p>\n<\/div>","protected":false},"excerpt":{"rendered":"<p>[vc_row equal_height=\u00bbyes\u00bb css=\u00bb.vc_custom_1711306467668{margin-bottom: 0px !important;}\u00bb][vc_column width=\u00bb1\/2&#8243; css=\u00bb.vc_custom_1711123333492{padding-top: 0px !important;background-color: #ffffff !important;}\u00bb][\/vc_column][vc_column width=\u00bb1\/2&#8243; thegem_content_alignment=\u00bbcenter\u00bb css=\u00bb.vc_custom_1713193732122{padding-top: 0px !important;background-position: center !important;background-repeat: no-repeat !important;background-size:&#8230;<\/p>\n","protected":false},"author":1,"featured_media":0,"parent":1449,"menu_order":0,"comment_status":"closed","ping_status":"open","template":"","meta":{"footnotes":""},"class_list":["post-1694","page","type-page","status-publish"],"_links":{"self":[{"href":"https:\/\/sinetemporensemble.com\/index.php\/wp-json\/wp\/v2\/pages\/1694","targetHints":{"allow":["GET"]}}],"collection":[{"href":"https:\/\/sinetemporensemble.com\/index.php\/wp-json\/wp\/v2\/pages"}],"about":[{"href":"https:\/\/sinetemporensemble.com\/index.php\/wp-json\/wp\/v2\/types\/page"}],"author":[{"embeddable":true,"href":"https:\/\/sinetemporensemble.com\/index.php\/wp-json\/wp\/v2\/users\/1"}],"replies":[{"embeddable":true,"href":"https:\/\/sinetemporensemble.com\/index.php\/wp-json\/wp\/v2\/comments?post=1694"}],"version-history":[{"count":10,"href":"https:\/\/sinetemporensemble.com\/index.php\/wp-json\/wp\/v2\/pages\/1694\/revisions"}],"predecessor-version":[{"id":1886,"href":"https:\/\/sinetemporensemble.com\/index.php\/wp-json\/wp\/v2\/pages\/1694\/revisions\/1886"}],"up":[{"embeddable":true,"href":"https:\/\/sinetemporensemble.com\/index.php\/wp-json\/wp\/v2\/pages\/1449"}],"wp:attachment":[{"href":"https:\/\/sinetemporensemble.com\/index.php\/wp-json\/wp\/v2\/media?parent=1694"}],"curies":[{"name":"wp","href":"https:\/\/api.w.org\/{rel}","templated":true}]}}