{"id":1711,"date":"2024-03-25T09:21:57","date_gmt":"2024-03-25T09:21:57","guid":{"rendered":"https:\/\/sinetemporensemble.com\/?page_id=1711"},"modified":"2024-04-22T14:07:33","modified_gmt":"2024-04-22T14:07:33","slug":"miguel-angel-ros-soto","status":"publish","type":"page","link":"https:\/\/sinetemporensemble.com\/index.php\/biografia\/miguel-angel-ros-soto\/","title":{"rendered":"Miguel \u00c1ngel Ros Soto"},"content":{"rendered":"<div class=\"wpb-content-wrapper\"><p>[vc_row equal_height=\u00bbyes\u00bb css=\u00bb.vc_custom_1711306467668{margin-bottom: 0px !important;}\u00bb][vc_column width=\u00bb1\/2&#8243; css=\u00bb.vc_custom_1711123333492{padding-top: 0px !important;background-color: #ffffff !important;}\u00bb]<div class=\"gem-textbox  centered-box\"  ><div class=\"gem-textbox-inner\" style=\"\"><div class=\"gem-textbox-content\" style=\"background-color: #ffffff;background-position: center top;\"><div class=\"clearboth\"><\/div><style>#thegem-divider-69f6042ad059d {margin-top: 32px !important;}<\/style><div id=\"thegem-divider-69f6042ad059d\" class=\"gem-divider  \" style=\"\" ><\/div>[vc_column_text css_animation=\u00bbbottom-to-top\u00bb]<\/p>\n<div class=\"styled-subtitle\" style=\"text-align: center;\"><span style=\"color: #a47b43;\">Violonchelo<\/span><\/div>\n<p>[\/vc_column_text][vc_separator color=\u00bbcustom\u00bb border_width=\u00bb2&#8243; el_width=\u00bb30&#8243; accent_color=\u00bb#a47b43&#8243;]<div class=\"clearboth\"><\/div><style>#thegem-divider-69f6042ad05db {margin-top: 32px !important;}<\/style><div id=\"thegem-divider-69f6042ad05db\" class=\"gem-divider  \" style=\"\" ><\/div>[vc_column_text css_animation=\u00bbbottom-to-top\u00bb]<\/p>\n<p style=\"text-align: center;\"><span style=\"font-weight: 400;\">En el a\u00f1o 2017 concluye el Grado en Interpretaci\u00f3n en la especialidad de Violonchelo en el CSM de Alicante con Francisco Pastor, obteniendo matr\u00edcula de honor.\u00a0<\/span><\/p>\n<p style=\"text-align: center;\"><span style=\"font-weight: 400;\">Ganador de primeros premios en cert\u00e1menes como \u2018Entre Cuerdas y Metales\u2019, Villa de Molina o Ruperto Chap\u00ed, as\u00ed como el Premio Nacional de Ense\u00f1anzas Art\u00edsticas otorgado por el Ministerio de Educaci\u00f3n en el a\u00f1o 2014.\u00a0<\/span><\/p>\n<p style=\"text-align: center;\"><span style=\"font-weight: 400;\">Ha recibido\u00a0 perfeccionamiento musical de destacados int\u00e9rpretes como Martjin Vink Iagoba Fanlo, Asier Polo, Suzana Stefanovic, Marcos Fregnani y Rudolf Leopold.<\/span><\/p>\n<p style=\"text-align: center;\"><span style=\"font-weight: 400;\">Es violonchelo colaborador en la Orquesta Sinf\u00f3nica de la Regi\u00f3n de Murcia desde el a\u00f1o 2018, miembro de la Orquesta Sinf\u00f3nica de Cartagena y miembro de la Joven Orquesta Sinf\u00f3nica de Cartagena desde su fundaci\u00f3n.\u00a0<\/span><\/p>\n<p style=\"text-align: center;\"><span style=\"font-weight: 400;\">Tambi\u00e9n forma parte de diversas agrupaciones camer\u00edsticas, entre las que cabe destacar <\/span><i><span style=\"font-weight: 400;\">Concorda Duo<\/span><\/i><span style=\"font-weight: 400;\">, junto a la pianista Victoria Marco.<\/span><\/p>\n<p style=\"text-align: center;\"><span style=\"font-weight: 400;\">En la actualidad, compagina su labor interpretativa con la docencia como profesor de violonchelo en el Conservatorio Profesional de M\u00fasica de Cartagena.\u00a0 <\/span><\/p>\n<p>[\/vc_column_text]<\/div><\/div><\/div><div class=\"clearboth\"><\/div><style>#thegem-divider-69f6042ad0610 {margin-top: 32px !important;}<\/style><div id=\"thegem-divider-69f6042ad0610\" class=\"gem-divider  \" style=\"\" ><\/div>[\/vc_column][vc_column width=\u00bb1\/2&#8243; thegem_content_alignment=\u00bbcenter\u00bb css=\u00bb.vc_custom_1713193826925{padding-top: 0px !important;background-position: center !important;background-repeat: no-repeat !important;background-size: cover !important;}\u00bb]<div class=\"clearboth\"><\/div><style>#thegem-divider-69f6042ad062e {margin-top: 80px !important;}<\/style><div id=\"thegem-divider-69f6042ad062e\" class=\"gem-divider  \" style=\"\" ><\/div>[vc_single_image image=\u00bb1730&#8243; img_size=\u00bbfull\u00bb][\/vc_column][\/vc_row]<\/p>\n<\/div>","protected":false},"excerpt":{"rendered":"<p>[vc_row equal_height=\u00bbyes\u00bb css=\u00bb.vc_custom_1711306467668{margin-bottom: 0px !important;}\u00bb][vc_column width=\u00bb1\/2&#8243; css=\u00bb.vc_custom_1711123333492{padding-top: 0px !important;background-color: #ffffff !important;}\u00bb][\/vc_column][vc_column width=\u00bb1\/2&#8243; thegem_content_alignment=\u00bbcenter\u00bb css=\u00bb.vc_custom_1713193826925{padding-top: 0px !important;background-position: center !important;background-repeat: no-repeat !important;background-size:&#8230;<\/p>\n","protected":false},"author":1,"featured_media":0,"parent":1449,"menu_order":0,"comment_status":"closed","ping_status":"open","template":"","meta":{"footnotes":""},"class_list":["post-1711","page","type-page","status-publish"],"_links":{"self":[{"href":"https:\/\/sinetemporensemble.com\/index.php\/wp-json\/wp\/v2\/pages\/1711","targetHints":{"allow":["GET"]}}],"collection":[{"href":"https:\/\/sinetemporensemble.com\/index.php\/wp-json\/wp\/v2\/pages"}],"about":[{"href":"https:\/\/sinetemporensemble.com\/index.php\/wp-json\/wp\/v2\/types\/page"}],"author":[{"embeddable":true,"href":"https:\/\/sinetemporensemble.com\/index.php\/wp-json\/wp\/v2\/users\/1"}],"replies":[{"embeddable":true,"href":"https:\/\/sinetemporensemble.com\/index.php\/wp-json\/wp\/v2\/comments?post=1711"}],"version-history":[{"count":5,"href":"https:\/\/sinetemporensemble.com\/index.php\/wp-json\/wp\/v2\/pages\/1711\/revisions"}],"predecessor-version":[{"id":1890,"href":"https:\/\/sinetemporensemble.com\/index.php\/wp-json\/wp\/v2\/pages\/1711\/revisions\/1890"}],"up":[{"embeddable":true,"href":"https:\/\/sinetemporensemble.com\/index.php\/wp-json\/wp\/v2\/pages\/1449"}],"wp:attachment":[{"href":"https:\/\/sinetemporensemble.com\/index.php\/wp-json\/wp\/v2\/media?parent=1711"}],"curies":[{"name":"wp","href":"https:\/\/api.w.org\/{rel}","templated":true}]}}