{"id":1715,"date":"2024-03-25T09:25:31","date_gmt":"2024-03-25T09:25:31","guid":{"rendered":"https:\/\/sinetemporensemble.com\/?page_id=1715"},"modified":"2024-04-22T14:07:47","modified_gmt":"2024-04-22T14:07:47","slug":"andrea-rescaglio","status":"publish","type":"page","link":"https:\/\/sinetemporensemble.com\/index.php\/biografia\/andrea-rescaglio\/","title":{"rendered":"Andrea Rescaglio"},"content":{"rendered":"<div class=\"wpb-content-wrapper\"><p>[vc_row equal_height=\u00bbyes\u00bb css=\u00bb.vc_custom_1711306467668{margin-bottom: 0px !important;}\u00bb][vc_column width=\u00bb1\/2&#8243; css=\u00bb.vc_custom_1711123333492{padding-top: 0px !important;background-color: #ffffff !important;}\u00bb]<div class=\"gem-textbox  centered-box\"  ><div class=\"gem-textbox-inner\" style=\"\"><div class=\"gem-textbox-content\" style=\"background-color: #ffffff;background-position: center top;\"><div class=\"clearboth\"><\/div><style>#thegem-divider-69f603d8abf8e {margin-top: 32px !important;}<\/style><div id=\"thegem-divider-69f603d8abf8e\" class=\"gem-divider  \" style=\"\" ><\/div>[vc_column_text css_animation=\u00bbbottom-to-top\u00bb]<\/p>\n<div class=\"styled-subtitle\" style=\"text-align: center;\"><span style=\"color: #a47b43;\">Contrabajo<\/span><\/div>\n<p>[\/vc_column_text][vc_separator color=\u00bbcustom\u00bb border_width=\u00bb2&#8243; el_width=\u00bb30&#8243; accent_color=\u00bb#a47b43&#8243;]<div class=\"clearboth\"><\/div><style>#thegem-divider-69f603d8abff6 {margin-top: 32px !important;}<\/style><div id=\"thegem-divider-69f603d8abff6\" class=\"gem-divider  \" style=\"\" ><\/div>[vc_column_text css_animation=\u00bbbottom-to-top\u00bb]<\/p>\n<p style=\"text-align: center;\"><span style=\"font-weight: 400;\">Graduado EN 2002 en el Conservatorio \u201cG. Nicolini\u201d de Piacenza (Italia) con las m\u00e1ximas calificaciones con el maestro Leonardo Colonna.Perfecciona y recibe masterclass entre otros con los grandes maestros U.Fioravanti, A. Sciancalepore y F.Petracchi. Desde 2006 es profesor y solista de la secci\u00f3n de contrabajos de la Orquesta Sinf\u00f3nica de la Regi\u00f3n de Murcia. Ha colaborado con las mejores orquestas de Italia y Suiza como la Accademia de Santa Cecilia, Filarm\u00f3nica Toscanini, Orquesta de la Radio Suiza Italiana y Teatro Regio de Turin. Ha sido invitado como contrabajo solista en orquestas de \u201cPalau de les Arts\u201d de Valencia y Sinf\u00f3nica de Tenerife.<\/span><\/p>\n<p style=\"text-align: center;\"><span style=\"font-weight: 400;\">Ha trabajado tambi\u00e9n con grandes directores como Zubin Mehta, Ricardo Mutti, George Pretre,\u00a0 Lorin Maazel, Gustavo Dudamel, W. Chung, Ricardo Chailly entre otros.<\/span><\/p>\n<p style=\"text-align: center;\"><span style=\"font-weight: 400;\">En la m\u00fasica de c\u00e1mara ha compartido escenario con fant\u00e1sticos\u00a0 m\u00fasicos como M. Fornaciari, G. Guglielmo, S. Braconi, H. Holliger y G. Corti.<\/span><\/p>\n<p>[\/vc_column_text]<\/div><\/div><\/div><div class=\"clearboth\"><\/div><style>#thegem-divider-69f603d8ac06a {margin-top: 32px !important;}<\/style><div id=\"thegem-divider-69f603d8ac06a\" class=\"gem-divider  \" style=\"\" ><\/div>[\/vc_column][vc_column width=\u00bb1\/2&#8243; thegem_content_alignment=\u00bbcenter\u00bb css=\u00bb.vc_custom_1713193718648{padding-top: 0px !important;background-position: center !important;background-repeat: no-repeat !important;background-size: cover !important;}\u00bb]<div class=\"clearboth\"><\/div><style>#thegem-divider-69f603d8ac0aa {margin-top: 80px !important;}<\/style><div id=\"thegem-divider-69f603d8ac0aa\" class=\"gem-divider  \" style=\"\" ><\/div>[vc_single_image image=\u00bb1721&#8243; img_size=\u00bbfull\u00bb][\/vc_column][\/vc_row]<\/p>\n<\/div>","protected":false},"excerpt":{"rendered":"<p>[vc_row equal_height=\u00bbyes\u00bb css=\u00bb.vc_custom_1711306467668{margin-bottom: 0px !important;}\u00bb][vc_column width=\u00bb1\/2&#8243; css=\u00bb.vc_custom_1711123333492{padding-top: 0px !important;background-color: #ffffff !important;}\u00bb][\/vc_column][vc_column width=\u00bb1\/2&#8243; thegem_content_alignment=\u00bbcenter\u00bb css=\u00bb.vc_custom_1713193718648{padding-top: 0px !important;background-position: center !important;background-repeat: no-repeat !important;background-size:&#8230;<\/p>\n","protected":false},"author":1,"featured_media":0,"parent":1449,"menu_order":0,"comment_status":"closed","ping_status":"open","template":"","meta":{"footnotes":""},"class_list":["post-1715","page","type-page","status-publish"],"_links":{"self":[{"href":"https:\/\/sinetemporensemble.com\/index.php\/wp-json\/wp\/v2\/pages\/1715","targetHints":{"allow":["GET"]}}],"collection":[{"href":"https:\/\/sinetemporensemble.com\/index.php\/wp-json\/wp\/v2\/pages"}],"about":[{"href":"https:\/\/sinetemporensemble.com\/index.php\/wp-json\/wp\/v2\/types\/page"}],"author":[{"embeddable":true,"href":"https:\/\/sinetemporensemble.com\/index.php\/wp-json\/wp\/v2\/users\/1"}],"replies":[{"embeddable":true,"href":"https:\/\/sinetemporensemble.com\/index.php\/wp-json\/wp\/v2\/comments?post=1715"}],"version-history":[{"count":6,"href":"https:\/\/sinetemporensemble.com\/index.php\/wp-json\/wp\/v2\/pages\/1715\/revisions"}],"predecessor-version":[{"id":1891,"href":"https:\/\/sinetemporensemble.com\/index.php\/wp-json\/wp\/v2\/pages\/1715\/revisions\/1891"}],"up":[{"embeddable":true,"href":"https:\/\/sinetemporensemble.com\/index.php\/wp-json\/wp\/v2\/pages\/1449"}],"wp:attachment":[{"href":"https:\/\/sinetemporensemble.com\/index.php\/wp-json\/wp\/v2\/media?parent=1715"}],"curies":[{"name":"wp","href":"https:\/\/api.w.org\/{rel}","templated":true}]}}