{"id":1761,"date":"2024-03-25T14:01:07","date_gmt":"2024-03-25T14:01:07","guid":{"rendered":"https:\/\/sinetemporensemble.com\/?page_id=1761"},"modified":"2025-05-27T09:27:20","modified_gmt":"2025-05-27T09:27:20","slug":"darlin-dyle","status":"publish","type":"page","link":"https:\/\/sinetemporensemble.com\/index.php\/darlin-dyle\/","title":{"rendered":"Darl\u00edn Dyle"},"content":{"rendered":"<div class=\"wpb-content-wrapper\"><p>[vc_row css=\u00bb.vc_custom_1711376621294{margin-top: 0px !important;margin-bottom: 0px !important;padding-top: 50px !important;padding-bottom: 20px !important;}\u00bb][vc_column][vc_column_text css=\u00bb\u00bb css_animation=\u00bbbottom-to-top\u00bb]<\/p>\n<div class=\"styled-subtitle\" style=\"text-align: center;\"><span style=\"color: #a47b43;\">Concertino de la Orquesta Sinf\u00f3nica de la Regi\u00f3n de Murcia <\/span><\/div>\n<p>[\/vc_column_text][vc_separator color=\u00bbcustom\u00bb border_width=\u00bb2&#8243; el_width=\u00bb30&#8243; accent_color=\u00bb#b1ac8b\u00bb][\/vc_column][\/vc_row][vc_row equal_height=\u00bbyes\u00bb el_disable_tablet=\u00bb1&#8243; el_disable_mobile=\u00bb1&#8243; css=\u00bb.vc_custom_1711377125966{margin-top: 0px !important;margin-bottom: 0px !important;padding-top: 0px !important;padding-bottom: 20px !important;}\u00bb el_id=\u00bbDESKTOP\u00bb][vc_column width=\u00bb1\/2&#8243;]<div class=\"clearboth\"><\/div><style>#thegem-divider-69fb3c6f0dc42 {margin-top: 40px !important;}<\/style><div id=\"thegem-divider-69fb3c6f0dc42\" class=\"gem-divider  \" style=\"\" ><\/div>[vc_column_text css=\u00bb\u00bb css_animation=\u00bbbottom-to-top\u00bb]Violinista conocido por su virtuosismo y dedicaci\u00f3n a la m\u00fasica cl\u00e1sica es el <strong>concertino<\/strong> de la <strong>Orquesta Sinf\u00f3nica de la Regi\u00f3n de Murcia<\/strong> y<strong> CO-Director Art\u00edstico del MurciArt Music Festival<\/strong>. Adem\u00e1s, es el <strong>director art\u00edstico<\/strong> del <strong>Ciclo Internacional de M\u00fasica de C\u00e1mara \u201cIntermezzo\u201d<\/strong> y de <strong>\u201cLunes Cl\u00e1sicos\u201d<\/strong> en Murcia.<\/p>\n<p>Como <strong>fundador y director de Sine Tempore Ensemble<\/strong>, ha creado un espacio \u00fanico para la m\u00fasica de c\u00e1mara y tambi\u00e9n lidera la <strong>Orquesta de Aspirantes de la Regi\u00f3n de Murcia<\/strong>, como un proyecto formativo que trabaja con j\u00f3venes talentos de entre 10 y 15 a\u00f1os.<\/p>\n<p>Desde 2023, Dyle tambi\u00e9n desempe\u00f1a un papel fundamental en la<strong> Fundaci\u00f3n Orquesta Sinf\u00f3nica de la Regi\u00f3n de Murcia<\/strong> como <strong>profesor de viol\u00edn<\/strong> en la<strong> Orquesta de J\u00f3venes de la Regi\u00f3n de Murcia<\/strong>. Su implicaci\u00f3n ha sido especialmente activa, participando en audiciones, impartiendo <strong>masterclasses<\/strong> y ofreciendo orientaci\u00f3n a j\u00f3venes m\u00fasicos con gran potencial. Este compromiso con la educaci\u00f3n y la formaci\u00f3n de nuevos talentos refleja su profunda convicci\u00f3n de que la m\u00fasica no solo debe ser interpretada, sino tambi\u00e9n transmitida a las futuras generaciones de m\u00fasicos.<\/p>\n<p>El <strong>Ciclo Internacional de M\u00fasica de C\u00e1mara \u201cIntermezzo\u201d<\/strong>, bajo su direcci\u00f3n art\u00edstica, incluye un espacio espec\u00edfico para <strong>j\u00f3venes talentos<\/strong>, proporcionando una plataforma para que los m\u00fasicos m\u00e1s j\u00f3venes puedan demostrar su virtuosismo. Adem\u00e1s, en este ciclo tambi\u00e9n se celebra un concierto especial para el <strong>ganador del Certamen Nacional<\/strong> organizado por la <strong>Fundaci\u00f3n Orfeo<\/strong>, con el <strong>Certamen Intercentros<\/strong> como parte de su formaci\u00f3n. Darlin Dyle ha sido parte del tribunal de este certamen durante varias ediciones, contribuyendo a la valoraci\u00f3n y selecci\u00f3n de los j\u00f3venes talentos. La sede oficial de este ciclo se encuentra en <strong>Los Alc\u00e1zares<\/strong>, un espacio que se ha convertido en un referente de la m\u00fasica cl\u00e1sica y la educaci\u00f3n en la regi\u00f3n.[\/vc_column_text][\/vc_column][vc_column width=\u00bb1\/2&#8243; css=\u00bb.vc_custom_1711376984899{margin-top: 25px !important;margin-left: 50px !important;background-image: url(https:\/\/sinetemporensemble.com\/wp-content\/uploads\/2024\/03\/darling_bio_2.jpg?id=1642) !important;background-position: center !important;background-repeat: no-repeat !important;background-size: cover !important;}\u00bb]<div class=\"clearboth\"><\/div><style>#thegem-divider-69fb3c6f0dc8f {margin-top: 32px !important;}<\/style><div id=\"thegem-divider-69fb3c6f0dc8f\" class=\"gem-divider  \" style=\"\" ><\/div>[\/vc_column][\/vc_row][vc_row el_disable_tablet=\u00bb1&#8243; el_disable_mobile=\u00bb1&#8243;][vc_column]<div class=\"clearboth\"><\/div><style>#thegem-divider-69fb3c6f0dcbb {margin-top: 32px !important;}<\/style><div id=\"thegem-divider-69fb3c6f0dcbb\" class=\"gem-divider  \" style=\"\" ><\/div>[vc_custom_heading text=\u00bb\u00abLiderazgo de su concertino, Darlin Dyle, m\u00fasico temperamental donde los haya\u00ab.\u00bb font_container=\u00bbtag:h3|text_align:center|color:%23000000&#8243; use_theme_fonts=\u00bbyes\u00bb][vc_column_text css=\u00bb.vc_custom_1714300238956{margin-top: -20px !important;margin-bottom: 0px !important;}\u00bb]<\/p>\n<p style=\"text-align: center;\"><span style=\"color: #000000;\">Jos\u00e9 Antonio Canton, Codalario<\/span><\/p>\n<p>[\/vc_column_text]<div class=\"clearboth\"><\/div><style>#thegem-divider-69fb3c6f0dce3 {margin-top: 32px !important;}<\/style><div id=\"thegem-divider-69fb3c6f0dce3\" class=\"gem-divider  \" style=\"\" ><\/div>[\/vc_column][\/vc_row][vc_row equal_height=\u00bbyes\u00bb el_disable_tablet=\u00bb1&#8243; el_disable_mobile=\u00bb1&#8243; css=\u00bb.vc_custom_1711377275825{margin-top: 0px !important;margin-bottom: 0px !important;padding-top: 50px !important;padding-bottom: 20px !important;}\u00bb el_id=\u00bbDESKTOP\u00bb][vc_column width=\u00bb1\/2&#8243; css=\u00bb.vc_custom_1714408063840{margin-right: 50px !important;background-image: url(https:\/\/sinetemporensemble.com\/wp-content\/uploads\/2024\/04\/Darlin_bio.jpg?id=1905) !important;background-position: center !important;background-repeat: no-repeat !important;background-size: cover !important;}\u00bb]<div class=\"clearboth\"><\/div><style>#thegem-divider-69fb3c6f0dd07 {margin-top: 32px !important;}<\/style><div id=\"thegem-divider-69fb3c6f0dd07\" class=\"gem-divider  \" style=\"\" ><\/div>[\/vc_column][vc_column width=\u00bb1\/2&#8243;]<div class=\"clearboth\"><\/div><style>#thegem-divider-69fb3c6f0dd2b {margin-top: 40px !important;}<\/style><div id=\"thegem-divider-69fb3c6f0dd2b\" class=\"gem-divider  \" style=\"\" ><\/div>[vc_column_text css=\u00bb\u00bb css_animation=\u00bbbottom-to-top\u00bb]Su carrera ha sido marcada por elogios tanto del p\u00fablico como de la cr\u00edtica. Seg\u00fan <strong>Jos\u00e9 Antonio Cant\u00f3n<\/strong>, cr\u00edtico de <strong>CODALARIO<\/strong>, su interpretaci\u00f3n es especialmente destacada por la <strong>\u201cfidelidad y expresividad\u201d<\/strong> que aporta a cada obra, y por la <strong>\u201cbrillante colaboraci\u00f3n\u201d<\/strong> en los solos del concertino.<\/p>\n<p>Darlin Dyle ha colaborado con m\u00fasicos de renombre como <strong>Mischa Maisky<\/strong>,<strong> Vadim Repin<\/strong> y <strong>Pierre Amoyal<\/strong>, y ha trabajado bajo la batuta de directores prestigiosos como <strong>Tam\u00e1s V\u00e1s\u00e1ry<\/strong>, <strong>Alexander Vedernikov<\/strong>, <strong>Cristian Badea<\/strong> y <strong>Manuel Hern\u00e1ndez-Silva<\/strong>. Ha sido <strong>concertino invitado<\/strong> en la <strong>Orquesta Sinf\u00f3nica de Castilla y Le\u00f3n<\/strong> y en la <strong>Orquesta de Reino de Arag\u00f3n (ORA)<\/strong>, y ha actuado en varias ocasiones como <strong>solista y director<\/strong> con la <strong>Orquesta Sinf\u00f3nica de la Regi\u00f3n de Murcia<\/strong>.<\/p>\n<p>A lo largo de su carrera, ha sido galardonado en varias ocasiones, destacando su <strong>primer premio<\/strong> en el <strong>Concurso Nacional de Viol\u00edn de J\u00f3venes Int\u00e9rpretes de Albania<\/strong>, as\u00ed como su reciente reconocimiento como <strong>Embajador Cultural de la Regi\u00f3n de Murcia<\/strong>, con menci\u00f3n especial en la revista <strong>Mel\u00f3mano<\/strong> (julio-agosto 2024). En 2017, grab\u00f3 un CD con la <strong>Orquesta Sinf\u00f3nica de la Regi\u00f3n de Murcia<\/strong>, interpretando el <strong>Concierto para Viol\u00edn<\/strong> de Manuel Moreno-Buend\u00eda.<\/p>\n<p>Formado en Albania, Dyle ha perfeccionado su t\u00e9cnica y conocimientos con algunos de los m\u00e1s grandes maestros de la m\u00fasica cl\u00e1sica y ha ense\u00f1ado en conservatorios y academias, como la <strong>Fundaci\u00f3n Galamian Academy<\/strong> en M\u00e1laga y el <strong>Conservatorio Superior de las Islas Baleares<\/strong>.<\/p>\n<p>Toca un <strong>viol\u00edn italiano de Eugenio Praga<\/strong> (1892), un instrumento de gran valor art\u00edstico.[\/vc_column_text][\/vc_column][\/vc_row][vc_row el_disable_tablet=\u00bb1&#8243; el_disable_mobile=\u00bb1&#8243;][vc_column]<div class=\"clearboth\"><\/div><style>#thegem-divider-69fb3c6f0dd4d {margin-top: 32px !important;}<\/style><div id=\"thegem-divider-69fb3c6f0dd4d\" class=\"gem-divider  \" style=\"\" ><\/div>[vc_custom_heading text=\u00bb\u00abLa fidelidad del sentido dado a su interpretaci\u00f3n prevaleci\u00f3 sobre cualquier otro aspecto de la ejecuci\u00f3n de tan particular suite, destacando la especial colaboraci\u00f3n de los solos del concertino, Darlin Dyle, que brillantemente han favorecido el resultado de conjunto que, en todo momento, sugiri\u00f3 en la mente del espectador los aspectos pl\u00e1sticos y esc\u00e9nicos de esta obra maestra del ballet cl\u00e1sico\u00ab.\u00bb font_container=\u00bbtag:h3|text_align:center|color:%23000000&#8243; use_theme_fonts=\u00bbyes\u00bb][vc_column_text css=\u00bb.vc_custom_1714300252545{margin-top: -20px !important;margin-bottom: 0px !important;}\u00bb]<\/p>\n<p style=\"text-align: center;\"><span style=\"color: #000000;\">Jos\u00e9 Antonio Canton, Codalario<\/span><\/p>\n<p>[\/vc_column_text]<div class=\"clearboth\"><\/div><style>#thegem-divider-69fb3c6f0dd7e {margin-top: 32px !important;}<\/style><div id=\"thegem-divider-69fb3c6f0dd7e\" class=\"gem-divider  \" style=\"\" ><\/div>[\/vc_column][\/vc_row][vc_row equal_height=\u00bbyes\u00bb el_disable_desktop=\u00bb1&#8243; css=\u00bb.vc_custom_1711377653030{margin-top: 0px !important;margin-bottom: 0px !important;padding-bottom: 20px !important;}\u00bb el_id=\u00bbMOVIL\u00bb][vc_column css=\u00bb.vc_custom_1711377436713{background-position: center !important;background-repeat: no-repeat !important;background-size: cover !important;}\u00bb][vc_column_text css=\u00bb\u00bb css_animation=\u00bbbottom-to-top\u00bb]Violinista conocido por su virtuosismo y dedicaci\u00f3n a la m\u00fasica cl\u00e1sica es el <strong>concertino<\/strong> de la <strong>Orquesta Sinf\u00f3nica de la Regi\u00f3n de Murcia<\/strong> y<strong> CO-Director Art\u00edstico del MurciArt Music Festival<\/strong>. Adem\u00e1s, es el <strong>director art\u00edstico<\/strong> del <strong>Ciclo Internacional de M\u00fasica de C\u00e1mara \u201cIntermezzo\u201d<\/strong> y de <strong>\u201cLunes Cl\u00e1sicos\u201d<\/strong> en Murcia.<\/p>\n<p>Como <strong>fundador y director de Sine Tempore Ensemble<\/strong>, ha creado un espacio \u00fanico para la m\u00fasica de c\u00e1mara y tambi\u00e9n lidera la <strong>Orquesta de Aspirantes de la Regi\u00f3n de Murcia<\/strong>, como un proyecto formativo que trabaja con j\u00f3venes talentos de entre 10 y 15 a\u00f1os.<\/p>\n<p>Desde 2023, Dyle tambi\u00e9n desempe\u00f1a un papel fundamental en la<strong> Fundaci\u00f3n Orquesta Sinf\u00f3nica de la Regi\u00f3n de Murcia<\/strong> como <strong>profesor de viol\u00edn<\/strong> en la<strong> Orquesta de J\u00f3venes de la Regi\u00f3n de Murcia<\/strong>. Su implicaci\u00f3n ha sido especialmente activa, participando en audiciones, impartiendo <strong>masterclasses<\/strong> y ofreciendo orientaci\u00f3n a j\u00f3venes m\u00fasicos con gran potencial. Este compromiso con la educaci\u00f3n y la formaci\u00f3n de nuevos talentos refleja su profunda convicci\u00f3n de que la m\u00fasica no solo debe ser interpretada, sino tambi\u00e9n transmitida a las futuras generaciones de m\u00fasicos.<\/p>\n<p>El <strong>Ciclo Internacional de M\u00fasica de C\u00e1mara \u201cIntermezzo\u201d<\/strong>, bajo su direcci\u00f3n art\u00edstica, incluye un espacio espec\u00edfico para <strong>j\u00f3venes talentos<\/strong>, proporcionando una plataforma para que los m\u00fasicos m\u00e1s j\u00f3venes puedan demostrar su virtuosismo. Adem\u00e1s, en este ciclo tambi\u00e9n se celebra un concierto especial para el <strong>ganador del Certamen Nacional<\/strong> organizado por la <strong>Fundaci\u00f3n Orfeo<\/strong>, con el <strong>Certamen Intercentros<\/strong> como parte de su formaci\u00f3n. Darling Dyle ha sido parte del tribunal de este certamen durante varias ediciones, contribuyendo a la valoraci\u00f3n y selecci\u00f3n de los j\u00f3venes talentos. La sede oficial de este ciclo se encuentra en <strong>Los Alc\u00e1zares<\/strong>, un espacio que se ha convertido en un referente de la m\u00fasica cl\u00e1sica y la educaci\u00f3n en la regi\u00f3n.[\/vc_column_text][vc_single_image image=\u00bb1642&#8243; img_size=\u00bbfull\u00bb][vc_custom_heading text=\u00bb\u00abLiderazgo de su concertino, Darlin Dyle, m\u00fasico temperamental donde los haya\u00ab.\u00bb font_container=\u00bbtag:h3|text_align:center|color:%23000000&#8243; use_theme_fonts=\u00bbyes\u00bb][vc_column_text css=\u00bb.vc_custom_1714300267204{margin-top: -20px !important;margin-bottom: 35px !important;}\u00bb]<\/p>\n<p style=\"text-align: center;\"><span style=\"color: #000000;\">Jos\u00e9 Antonio Canton, Codalario<\/span><\/p>\n<p>[\/vc_column_text][vc_column_text css=\u00bb\u00bb css_animation=\u00bbbottom-to-top\u00bb]Su carrera ha sido marcada por elogios tanto del p\u00fablico como de la cr\u00edtica. Seg\u00fan <strong>Jos\u00e9 Antonio Cant\u00f3n<\/strong>, cr\u00edtico de <strong>CODALARIO<\/strong>, su interpretaci\u00f3n es especialmente destacada por la <strong>\u201cfidelidad y expresividad\u201d<\/strong> que aporta a cada obra, y por la <strong>\u201cbrillante colaboraci\u00f3n\u201d<\/strong> en los solos del concertino.<\/p>\n<p>Darling Dyle ha colaborado con m\u00fasicos de renombre como <strong>Mischa Maisky<\/strong>,<strong> Vadim Repin<\/strong> y <strong>Pierre Amoyal<\/strong>, y ha trabajado bajo la batuta de directores prestigiosos como <strong>Tam\u00e1s V\u00e1s\u00e1ry<\/strong>, <strong>Alexander Vedernikov<\/strong>, <strong>Cristian Badea<\/strong> y <strong>Manuel Hern\u00e1ndez-Silva<\/strong>. Ha sido <strong>concertino invitado<\/strong> en la <strong>Orquesta Sinf\u00f3nica de Castilla y Le\u00f3n<\/strong> y en la <strong>Orquesta de Reino de Arag\u00f3n (ORA)<\/strong>, y ha actuado en varias ocasiones como <strong>solista y director<\/strong> con la <strong>Orquesta Sinf\u00f3nica de la Regi\u00f3n de Murcia<\/strong>.<\/p>\n<p>A lo largo de su carrera, ha sido galardonado en varias ocasiones, destacando su <strong>primer premio<\/strong> en el <strong>Concurso Nacional de Viol\u00edn de J\u00f3venes Int\u00e9rpretes de Albania<\/strong>, as\u00ed como su reciente reconocimiento como <strong>Embajador Cultural de la Regi\u00f3n de Murcia<\/strong>, con menci\u00f3n especial en la revista <strong>Mel\u00f3mano<\/strong> (julio-agosto 2024). En 2017, grab\u00f3 un CD con la <strong>Orquesta Sinf\u00f3nica de la Regi\u00f3n de Murcia<\/strong>, interpretando el <strong>Concierto para Viol\u00edn<\/strong> de Manuel Moreno-Buend\u00eda.<\/p>\n<p>Formado en Albania, Dyle ha perfeccionado su t\u00e9cnica y conocimientos con algunos de los m\u00e1s grandes maestros de la m\u00fasica cl\u00e1sica y ha ense\u00f1ado en conservatorios y academias, como la <strong>Fundaci\u00f3n Galamian Academy<\/strong> en M\u00e1laga y el <strong>Conservatorio Superior de las Islas Baleares<\/strong>.<\/p>\n<p>Toca un <strong>viol\u00edn italiano de Eugenio Praga<\/strong> (1892), un instrumento de gran valor art\u00edstico.[\/vc_column_text][vc_single_image image=\u00bb1905&#8243; img_size=\u00bbfull\u00bb][vc_custom_heading text=\u00bb\u00abLa fidelidad del sentido dado a su interpretaci\u00f3n prevaleci\u00f3 sobre cualquier otro aspecto de la ejecuci\u00f3n de tan particular suite, destacando la especial colaboraci\u00f3n de los solos del concertino, Darlin Dyle, que brillantemente han favorecido el resultado de conjunto que, en todo momento, sugiri\u00f3 en la mente del espectador los aspectos pl\u00e1sticos y esc\u00e9nicos de esta obra maestra del ballet cl\u00e1sico\u00ab.\u00bb font_container=\u00bbtag:h3|text_align:center|color:%23000000&#8243; use_theme_fonts=\u00bbyes\u00bb][vc_column_text css=\u00bb.vc_custom_1714300276304{margin-top: -20px !important;margin-bottom: 35px !important;}\u00bb]<\/p>\n<p style=\"text-align: center;\"><span style=\"color: #000000;\">Jos\u00e9 Antonio Canton, Codalario<\/span><\/p>\n<p>[\/vc_column_text][\/vc_column][\/vc_row]<\/p>\n<\/div>","protected":false},"excerpt":{"rendered":"<p>[vc_row css=\u00bb.vc_custom_1711376621294{margin-top: 0px !important;margin-bottom: 0px !important;padding-top: 50px !important;padding-bottom: 20px !important;}\u00bb][vc_column][vc_column_text css=\u00bb\u00bb css_animation=\u00bbbottom-to-top\u00bb] Concertino de la Orquesta Sinf\u00f3nica de la Regi\u00f3n&#8230;<\/p>\n","protected":false},"author":1,"featured_media":0,"parent":0,"menu_order":0,"comment_status":"closed","ping_status":"closed","template":"","meta":{"footnotes":""},"class_list":["post-1761","page","type-page","status-publish"],"_links":{"self":[{"href":"https:\/\/sinetemporensemble.com\/index.php\/wp-json\/wp\/v2\/pages\/1761","targetHints":{"allow":["GET"]}}],"collection":[{"href":"https:\/\/sinetemporensemble.com\/index.php\/wp-json\/wp\/v2\/pages"}],"about":[{"href":"https:\/\/sinetemporensemble.com\/index.php\/wp-json\/wp\/v2\/types\/page"}],"author":[{"embeddable":true,"href":"https:\/\/sinetemporensemble.com\/index.php\/wp-json\/wp\/v2\/users\/1"}],"replies":[{"embeddable":true,"href":"https:\/\/sinetemporensemble.com\/index.php\/wp-json\/wp\/v2\/comments?post=1761"}],"version-history":[{"count":42,"href":"https:\/\/sinetemporensemble.com\/index.php\/wp-json\/wp\/v2\/pages\/1761\/revisions"}],"predecessor-version":[{"id":1946,"href":"https:\/\/sinetemporensemble.com\/index.php\/wp-json\/wp\/v2\/pages\/1761\/revisions\/1946"}],"wp:attachment":[{"href":"https:\/\/sinetemporensemble.com\/index.php\/wp-json\/wp\/v2\/media?parent=1761"}],"curies":[{"name":"wp","href":"https:\/\/api.w.org\/{rel}","templated":true}]}}