{"id":1942,"date":"2025-05-26T09:14:38","date_gmt":"2025-05-26T09:14:38","guid":{"rendered":"https:\/\/sinetemporensemble.com\/?page_id=1942"},"modified":"2025-05-26T09:15:26","modified_gmt":"2025-05-26T09:15:26","slug":"christophe-morin","status":"publish","type":"page","link":"https:\/\/sinetemporensemble.com\/index.php\/biografia\/christophe-morin\/","title":{"rendered":"Christophe Morin"},"content":{"rendered":"<div class=\"wpb-content-wrapper\"><p>[vc_row equal_height=\u00bbyes\u00bb css=\u00bb.vc_custom_1711306467668{margin-bottom: 0px !important;}\u00bb][vc_column width=\u00bb1\/2&#8243; css=\u00bb.vc_custom_1711123333492{padding-top: 0px !important;background-color: #ffffff !important;}\u00bb]<div class=\"gem-textbox  centered-box\"  ><div class=\"gem-textbox-inner\" style=\"\"><div class=\"gem-textbox-content\" style=\"background-color: #ffffff;background-position: center top;\"><div class=\"clearboth\"><\/div><style>#thegem-divider-69f604255b429 {margin-top: 32px !important;}<\/style><div id=\"thegem-divider-69f604255b429\" class=\"gem-divider  \" style=\"\" ><\/div>[vc_column_text css=\u00bb\u00bb css_animation=\u00bbbottom-to-top\u00bb]<\/p>\n<div class=\"styled-subtitle\" style=\"text-align: center;\"><span style=\"color: #a47b43;\">Violonchelo<\/span><\/div>\n<p>[\/vc_column_text][vc_separator color=\u00bbcustom\u00bb border_width=\u00bb2&#8243; el_width=\u00bb30&#8243; accent_color=\u00bb#a47b43&#8243;]<div class=\"clearboth\"><\/div><style>#thegem-divider-69f604255b46b {margin-top: 32px !important;}<\/style><div id=\"thegem-divider-69f604255b46b\" class=\"gem-divider  \" style=\"\" ><\/div>[vc_column_text css=\u00bb\u00bb css_animation=\u00bbbottom-to-top\u00bb]<\/p>\n<p style=\"text-align: center;\"><span style=\"font-weight: 400;\">\u00abChristophe Morin es un violonchelista con una t\u00e9cnica brillante y un sonido excepcional. Su expresi\u00f3n musical es intensa, y su car\u00e1cter rico, impetuoso y apasionado inmediatamente capta nuestra atenci\u00f3n\u00bb. Esta evaluaci\u00f3n de un maestro como Roland Pidoux define mejor el talento y la dedicaci\u00f3n de Christophe Morin.<\/span><\/p>\n<p style=\"text-align: center;\"><span style=\"font-weight: 400;\">El viaje musical de Christophe Morin es un testimonio de su excepcional talento y dedicaci\u00f3n. Se embarc\u00f3 en su viaje de violonchelo a la tierna edad de 5 a\u00f1os, guiado por su madre. A los 17 a\u00f1os, logr\u00f3 una haza\u00f1a notable, ganando el Primer Premio de violonchelo por unanimidad en el CNSMD de Par\u00eds bajo la tutela de Roland Pidoux, y el Primer Premio de m\u00fasica de c\u00e1mara bajo Christian Ivaldi. Su viaje continu\u00f3 floreciendo a medida que fue admitido en la clase avanzada, ganando premios de la Fundaci\u00f3n Natexis y la Fundaci\u00f3n Charles Oulmont. Su sed de conocimiento lo llev\u00f3 a asistir a clases magistrales con J\u00e1nos Starker, Mstislav Rostropovich y Yo-Yo Ma, quienes le ofrecieron la oportunidad de clases particulares.<\/span><\/p>\n<p style=\"text-align: center;\"><span style=\"font-weight: 400;\">Hoy, Christophe Morin act\u00faa con solistas de renombre internacional como Renaud Capu\u00e7on y J\u00e9r\u00f4me Ducros, con quienes grab\u00f3 un \u00e1lbum en vivo del Trio Op. 100 de Schubert. Tambi\u00e9n colabora con Nicholas Angelich, Augustin Dumay, Jean-Marc Luisada, David Grimal y el Cuarteto Modigliani. Despu\u00e9s de una batalla desafiante que dur\u00f3 m\u00e1s de diez a\u00f1os despu\u00e9s de una cirug\u00eda que le requiri\u00f3 jugar con un guante, contin\u00faa perfeccionando su arte junto a los investigadores, demostrando su pasi\u00f3n ilimitada por la m\u00fasica y su instrumento.<\/span><\/p>\n<p style=\"text-align: center;\"><span style=\"font-weight: 400;\">El tr\u00edo que forma con la violinista Sarah Nemtanu y el pianista Jean-Fr\u00e9d\u00e9ric Neuburger, \u00abCompass Trio\u00bb, act\u00faa en los principales lugares franceses; su concierto del Museo del Louvre transmitido en vivo por Medici.TV fue particularmente bien recibido.<\/span><\/p>\n<p style=\"text-align: center;\"><span style=\"font-weight: 400;\">Es invitado en prestigiosos festivales, compartiendo escenario con el pianista \u00c9ric Lesage y solistas de la Orquesta Filarm\u00f3nica de Berl\u00edn (Guy Braunstein, Daishin Kashimoto, Amihai Grosz, Emmanuel Pahud, Paul Meyer). Tambi\u00e9n es miembro de la Orquesta de C\u00e1mara Mahler, con la que recorre el mundo bajo la direcci\u00f3n de grandes directores como Claudio Abbado y Daniel Harding.<\/span><\/p>\n<p style=\"text-align: center;\"><span style=\"font-weight: 400;\">Profundamente comprometido con la escena de la m\u00fasica de c\u00e1mara, Christophe Morin tambi\u00e9n persigue una carrera como solista. Est\u00e1 invitado como violonchelista solista con la European Camerata, una orquesta de cuerdas compuesta principalmente por los miembros m\u00e1s brillantes de la Orquesta Sinf\u00f3nica de Londres y la Orquesta Nacional de Francia, as\u00ed como con David Grimal y la Orquesta de C\u00e1mara Mahler.<\/span><\/p>\n<p style=\"text-align: center;\"><span style=\"font-weight: 400;\">La pasi\u00f3n de Christophe Morin por la m\u00fasica de c\u00e1mara se extiende m\u00e1s all\u00e1 de sus actuaciones. En 2010, dio un paso significativo en su carrera al crear el festival \u00ab3 d\u00edas de mayo\u00bb en la isla R\u00e9. Este festival, que ha dirigido desde 2012 con Sarah Nemtanu, se ha convertido en una plataforma para mostrar lo mejor de la m\u00fasica de c\u00e1mara, dejando un impacto duradero en la escena musical.<\/span><\/p>\n<p>[\/vc_column_text]<\/div><\/div><\/div><div class=\"clearboth\"><\/div><style>#thegem-divider-69f604255b4af {margin-top: 32px !important;}<\/style><div id=\"thegem-divider-69f604255b4af\" class=\"gem-divider  \" style=\"\" ><\/div>[\/vc_column][vc_column width=\u00bb1\/2&#8243; thegem_content_alignment=\u00bbcenter\u00bb css=\u00bb.vc_custom_1713193718648{padding-top: 0px !important;background-position: center !important;background-repeat: no-repeat !important;background-size: cover !important;}\u00bb]<div class=\"clearboth\"><\/div><style>#thegem-divider-69f604255b4cf {margin-top: 80px !important;}<\/style><div id=\"thegem-divider-69f604255b4cf\" class=\"gem-divider  \" style=\"\" ><\/div>[vc_single_image image=\u00bb1943&#8243; img_size=\u00bbfull\u00bb css=\u00bb\u00bb][\/vc_column][\/vc_row]<\/p>\n<\/div>","protected":false},"excerpt":{"rendered":"<p>[vc_row equal_height=\u00bbyes\u00bb css=\u00bb.vc_custom_1711306467668{margin-bottom: 0px !important;}\u00bb][vc_column width=\u00bb1\/2&#8243; css=\u00bb.vc_custom_1711123333492{padding-top: 0px !important;background-color: #ffffff !important;}\u00bb][\/vc_column][vc_column width=\u00bb1\/2&#8243; thegem_content_alignment=\u00bbcenter\u00bb css=\u00bb.vc_custom_1713193718648{padding-top: 0px !important;background-position: center !important;background-repeat: no-repeat !important;background-size:&#8230;<\/p>\n","protected":false},"author":1,"featured_media":0,"parent":1449,"menu_order":0,"comment_status":"closed","ping_status":"open","template":"","meta":{"footnotes":""},"class_list":["post-1942","page","type-page","status-publish"],"_links":{"self":[{"href":"https:\/\/sinetemporensemble.com\/index.php\/wp-json\/wp\/v2\/pages\/1942","targetHints":{"allow":["GET"]}}],"collection":[{"href":"https:\/\/sinetemporensemble.com\/index.php\/wp-json\/wp\/v2\/pages"}],"about":[{"href":"https:\/\/sinetemporensemble.com\/index.php\/wp-json\/wp\/v2\/types\/page"}],"author":[{"embeddable":true,"href":"https:\/\/sinetemporensemble.com\/index.php\/wp-json\/wp\/v2\/users\/1"}],"replies":[{"embeddable":true,"href":"https:\/\/sinetemporensemble.com\/index.php\/wp-json\/wp\/v2\/comments?post=1942"}],"version-history":[{"count":1,"href":"https:\/\/sinetemporensemble.com\/index.php\/wp-json\/wp\/v2\/pages\/1942\/revisions"}],"predecessor-version":[{"id":1944,"href":"https:\/\/sinetemporensemble.com\/index.php\/wp-json\/wp\/v2\/pages\/1942\/revisions\/1944"}],"up":[{"embeddable":true,"href":"https:\/\/sinetemporensemble.com\/index.php\/wp-json\/wp\/v2\/pages\/1449"}],"wp:attachment":[{"href":"https:\/\/sinetemporensemble.com\/index.php\/wp-json\/wp\/v2\/media?parent=1942"}],"curies":[{"name":"wp","href":"https:\/\/api.w.org\/{rel}","templated":true}]}}